{"id":207,"date":"2025-05-04T19:11:26","date_gmt":"2025-05-04T19:11:26","guid":{"rendered":"https:\/\/www.apennello.ch\/?page_id=207"},"modified":"2025-07-03T10:36:40","modified_gmt":"2025-07-03T10:36:40","slug":"__trashed-6","status":"publish","type":"page","link":"https:\/\/www.apennello.ch\/?page_id=207&lang=de","title":{"rendered":"About us DE"},"content":{"rendered":"\n<div class=\"wp-block-cover alignfull is-light has-parallax\" style=\"margin-bottom:0;min-height:780px;aspect-ratio:unset;\"><div class=\"wp-block-cover__image-background wp-image-403 size-full has-parallax\" style=\"background-position:50% 50%;background-image:url(http:\/\/www.apennello.ch\/wp-content\/uploads\/2025\/05\/Immagini_aboutus-test.jpg)\"><\/div><span aria-hidden=\"true\" class=\"wp-block-cover__background has-foreground-background-color has-background-dim-0 has-background-dim\"><\/span><div class=\"wp-block-cover__inner-container has-global-padding is-layout-constrained wp-block-cover-is-layout-constrained\">\n<div class=\"wp-block-group has-global-padding is-content-justification-left is-layout-constrained wp-container-core-group-is-layout-2f27f929 wp-block-group-is-layout-constrained\" style=\"padding-top:var(--wp--preset--spacing--xx-large)\">\n<div class=\"wp-block-cover\" style=\"padding-top:var(--wp--preset--spacing--x-small);padding-right:var(--wp--preset--spacing--x-small);padding-bottom:var(--wp--preset--spacing--x-small);padding-left:var(--wp--preset--spacing--x-small);min-height:50px;aspect-ratio:unset;\"><span aria-hidden=\"true\" class=\"wp-block-cover__background has-background-dim-70 has-background-dim\" style=\"background-color:#19398a\"><\/span><div class=\"wp-block-cover__inner-container has-global-padding is-layout-constrained wp-container-core-cover-is-layout-ce8a117f wp-block-cover-is-layout-constrained\">\n<div class=\"wp-block-group has-border-color has-global-padding is-layout-constrained wp-container-core-group-is-layout-1628a2b5 wp-block-group-is-layout-constrained\" style=\"border-color:#e4e6eb3d;border-width:1px;padding-top:var(--wp--preset--spacing--large);padding-right:var(--wp--preset--spacing--x-small);padding-bottom:var(--wp--preset--spacing--large);padding-left:var(--wp--preset--spacing--x-small)\">\n<h2 class=\"wp-block-heading has-text-align-center has-background-color has-text-color has-link-color has-heading-font-family has-xxxx-large-font-size wp-elements-b0b08f231749bdea06c8bf7d5672a05e\" style=\"font-style:normal;font-weight:400;line-height:1\">\u00dcber uns<\/h2>\n\n\n\n<p class=\"has-text-align-center has-background-color has-text-color has-link-color wp-elements-b75e1d05c01dde55f3d9fd8c95d1a3a8\" style=\"margin-top:var(--wp--preset--spacing--small);margin-bottom:var(--wp--preset--spacing--medium);padding-right:var(--wp--preset--spacing--small);padding-left:var(--wp--preset--spacing--small)\"><strong>a\u00b7pennello<\/strong> stellt hochwertige Ma\u00dfhemden in feinsten Baumwollstoffen her und ist f\u00fcr den beispielhaften Kundenservice bekannt. Gesch\u00e4fts\u00adherren und Damen aus Industrie, Finanzwelt und alle Liebhaber von individueller Eleganz z\u00e4hlen zu den renommierten Kunden von <strong>a\u00b7pennello<\/strong>.<\/p>\n\n\n\n<p class=\"has-text-align-center\"><strong>a\u00b7pennello<\/strong> Damen- und Herren-Businesshemden werden aus sorgf\u00e4ltig ausgesuchten, feinsten Baumwollstoffen in verschiedenen Strukturen und Designs gen\u00e4ht.<\/p>\n\n\n\n<p class=\"has-text-align-center has-background-color has-text-color has-link-color wp-elements-6198771be14a489a6e13380c9735b16a\" style=\"margin-top:var(--wp--preset--spacing--small);margin-bottom:var(--wp--preset--spacing--medium)\"><strong>a\u00b7pennello<\/strong> Lugano und Z\u00fcrich \/ Schweiz<\/p>\n<\/div>\n<\/div><\/div>\n<\/div>\n<\/div><\/div>\n","protected":false},"excerpt":{"rendered":"","protected":false},"author":1,"featured_media":0,"parent":0,"menu_order":0,"comment_status":"closed","ping_status":"closed","template":"wp-custom-template-template-base-de","meta":{"footnotes":""},"class_list":["post-207","page","type-page","status-publish","hentry"],"yoast_head":"<!-- This site is optimized with the Yoast SEO plugin v27.5 - https:\/\/yoast.com\/product\/yoast-seo-wordpress\/ -->\n<title>About us DE - apennello.ch<\/title>\n<meta name=\"robots\" content=\"index, follow, max-snippet:-1, max-image-preview:large, max-video-preview:-1\" \/>\n<link rel=\"canonical\" href=\"https:\/\/www.apennello.ch\/?page_id=207&lang=de\" \/>\n<meta property=\"og:locale\" content=\"it_IT\" \/>\n<meta property=\"og:type\" content=\"article\" \/>\n<meta property=\"og:title\" content=\"About us DE - apennello.ch\" \/>\n<meta property=\"og:url\" content=\"https:\/\/www.apennello.ch\/?page_id=207&amp;lang=de\" \/>\n<meta property=\"og:site_name\" content=\"apennello.ch\" \/>\n<meta property=\"article:modified_time\" content=\"2025-07-03T10:36:40+00:00\" \/>\n<meta name=\"twitter:card\" content=\"summary_large_image\" \/>\n<meta name=\"twitter:label1\" content=\"Tempo di lettura stimato\" \/>\n\t<meta name=\"twitter:data1\" content=\"1 minuto\" \/>\n<script type=\"application\/ld+json\" class=\"yoast-schema-graph\">{\"@context\":\"https:\\\/\\\/schema.org\",\"@graph\":[{\"@type\":\"WebPage\",\"@id\":\"https:\\\/\\\/www.apennello.ch\\\/?page_id=207&lang=de\",\"url\":\"https:\\\/\\\/www.apennello.ch\\\/?page_id=207&lang=de\",\"name\":\"About us DE - apennello.ch\",\"isPartOf\":{\"@id\":\"https:\\\/\\\/www.apennello.ch\\\/#website\"},\"datePublished\":\"2025-05-04T19:11:26+00:00\",\"dateModified\":\"2025-07-03T10:36:40+00:00\",\"breadcrumb\":{\"@id\":\"https:\\\/\\\/www.apennello.ch\\\/?page_id=207&lang=de#breadcrumb\"},\"inLanguage\":\"it-IT\",\"potentialAction\":[{\"@type\":\"ReadAction\",\"target\":[\"https:\\\/\\\/www.apennello.ch\\\/?page_id=207&lang=de\"]}]},{\"@type\":\"BreadcrumbList\",\"@id\":\"https:\\\/\\\/www.apennello.ch\\\/?page_id=207&lang=de#breadcrumb\",\"itemListElement\":[{\"@type\":\"ListItem\",\"position\":1,\"name\":\"Home\",\"item\":\"https:\\\/\\\/www.apennello.ch\\\/\"},{\"@type\":\"ListItem\",\"position\":2,\"name\":\"About us DE\"}]},{\"@type\":\"WebSite\",\"@id\":\"https:\\\/\\\/www.apennello.ch\\\/#website\",\"url\":\"https:\\\/\\\/www.apennello.ch\\\/\",\"name\":\"apennello.ch\",\"description\":\"...eleganza su misura...for ladies and gentlemen\",\"publisher\":{\"@id\":\"https:\\\/\\\/www.apennello.ch\\\/#organization\"},\"potentialAction\":[{\"@type\":\"SearchAction\",\"target\":{\"@type\":\"EntryPoint\",\"urlTemplate\":\"https:\\\/\\\/www.apennello.ch\\\/?s={search_term_string}\"},\"query-input\":{\"@type\":\"PropertyValueSpecification\",\"valueRequired\":true,\"valueName\":\"search_term_string\"}}],\"inLanguage\":\"it-IT\"},{\"@type\":\"Organization\",\"@id\":\"https:\\\/\\\/www.apennello.ch\\\/#organization\",\"name\":\"apennello.ch\",\"url\":\"https:\\\/\\\/www.apennello.ch\\\/\",\"logo\":{\"@type\":\"ImageObject\",\"inLanguage\":\"it-IT\",\"@id\":\"https:\\\/\\\/www.apennello.ch\\\/#\\\/schema\\\/logo\\\/image\\\/\",\"url\":\"https:\\\/\\\/www.apennello.ch\\\/wp-content\\\/uploads\\\/2025\\\/04\\\/apennello_LOGO.png\",\"contentUrl\":\"https:\\\/\\\/www.apennello.ch\\\/wp-content\\\/uploads\\\/2025\\\/04\\\/apennello_LOGO.png\",\"width\":1500,\"height\":219,\"caption\":\"apennello.ch\"},\"image\":{\"@id\":\"https:\\\/\\\/www.apennello.ch\\\/#\\\/schema\\\/logo\\\/image\\\/\"}}]}<\/script>\n<!-- \/ Yoast SEO plugin. -->","yoast_head_json":{"title":"About us DE - apennello.ch","robots":{"index":"index","follow":"follow","max-snippet":"max-snippet:-1","max-image-preview":"max-image-preview:large","max-video-preview":"max-video-preview:-1"},"canonical":"https:\/\/www.apennello.ch\/?page_id=207&lang=de","og_locale":"it_IT","og_type":"article","og_title":"About us DE - apennello.ch","og_url":"https:\/\/www.apennello.ch\/?page_id=207&lang=de","og_site_name":"apennello.ch","article_modified_time":"2025-07-03T10:36:40+00:00","twitter_card":"summary_large_image","twitter_misc":{"Tempo di lettura stimato":"1 minuto"},"schema":{"@context":"https:\/\/schema.org","@graph":[{"@type":"WebPage","@id":"https:\/\/www.apennello.ch\/?page_id=207&lang=de","url":"https:\/\/www.apennello.ch\/?page_id=207&lang=de","name":"About us DE - apennello.ch","isPartOf":{"@id":"https:\/\/www.apennello.ch\/#website"},"datePublished":"2025-05-04T19:11:26+00:00","dateModified":"2025-07-03T10:36:40+00:00","breadcrumb":{"@id":"https:\/\/www.apennello.ch\/?page_id=207&lang=de#breadcrumb"},"inLanguage":"it-IT","potentialAction":[{"@type":"ReadAction","target":["https:\/\/www.apennello.ch\/?page_id=207&lang=de"]}]},{"@type":"BreadcrumbList","@id":"https:\/\/www.apennello.ch\/?page_id=207&lang=de#breadcrumb","itemListElement":[{"@type":"ListItem","position":1,"name":"Home","item":"https:\/\/www.apennello.ch\/"},{"@type":"ListItem","position":2,"name":"About us DE"}]},{"@type":"WebSite","@id":"https:\/\/www.apennello.ch\/#website","url":"https:\/\/www.apennello.ch\/","name":"apennello.ch","description":"...eleganza su misura...for ladies and gentlemen","publisher":{"@id":"https:\/\/www.apennello.ch\/#organization"},"potentialAction":[{"@type":"SearchAction","target":{"@type":"EntryPoint","urlTemplate":"https:\/\/www.apennello.ch\/?s={search_term_string}"},"query-input":{"@type":"PropertyValueSpecification","valueRequired":true,"valueName":"search_term_string"}}],"inLanguage":"it-IT"},{"@type":"Organization","@id":"https:\/\/www.apennello.ch\/#organization","name":"apennello.ch","url":"https:\/\/www.apennello.ch\/","logo":{"@type":"ImageObject","inLanguage":"it-IT","@id":"https:\/\/www.apennello.ch\/#\/schema\/logo\/image\/","url":"https:\/\/www.apennello.ch\/wp-content\/uploads\/2025\/04\/apennello_LOGO.png","contentUrl":"https:\/\/www.apennello.ch\/wp-content\/uploads\/2025\/04\/apennello_LOGO.png","width":1500,"height":219,"caption":"apennello.ch"},"image":{"@id":"https:\/\/www.apennello.ch\/#\/schema\/logo\/image\/"}}]}},"_links":{"self":[{"href":"https:\/\/www.apennello.ch\/index.php?rest_route=\/wp\/v2\/pages\/207","targetHints":{"allow":["GET"]}}],"collection":[{"href":"https:\/\/www.apennello.ch\/index.php?rest_route=\/wp\/v2\/pages"}],"about":[{"href":"https:\/\/www.apennello.ch\/index.php?rest_route=\/wp\/v2\/types\/page"}],"author":[{"embeddable":true,"href":"https:\/\/www.apennello.ch\/index.php?rest_route=\/wp\/v2\/users\/1"}],"replies":[{"embeddable":true,"href":"https:\/\/www.apennello.ch\/index.php?rest_route=%2Fwp%2Fv2%2Fcomments&post=207"}],"version-history":[{"count":12,"href":"https:\/\/www.apennello.ch\/index.php?rest_route=\/wp\/v2\/pages\/207\/revisions"}],"predecessor-version":[{"id":486,"href":"https:\/\/www.apennello.ch\/index.php?rest_route=\/wp\/v2\/pages\/207\/revisions\/486"}],"wp:attachment":[{"href":"https:\/\/www.apennello.ch\/index.php?rest_route=%2Fwp%2Fv2%2Fmedia&parent=207"}],"curies":[{"name":"wp","href":"https:\/\/api.w.org\/{rel}","templated":true}]}}